{"id":72750,"date":"2026-02-02T09:24:57","date_gmt":"2026-02-02T08:24:57","guid":{"rendered":"https:\/\/leipzig-move.de\/?page_id=72750"},"modified":"2026-03-04T08:02:12","modified_gmt":"2026-03-04T07:02:12","slug":"playground","status":"publish","type":"page","link":"https:\/\/leipzig-move.de\/en\/playground\/","title":{"rendered":"Playground"},"content":{"rendered":"<div class=\"gbp-section__inner gb-element-af2badc3\">\n<div class=\"animated fadeInUp slow o-anim-offset-5%\">\n<h2 class=\"gb-text gb-text-1d4943c7\">All BonusMOVE partners at a glance<\/h2>\n\n\n\n<p class=\"gb-text gb-text-d460549b\">You can secure free travel or great benefits from our partners with just one reward. Simply exchange your rewards in BonusMOVE for discounts, vouchers, tickets and much more. These partners in and around Leipzig are included:<\/p>\n<\/div>\n\n\n\n<div class=\"gb-element-de918aa7\">\n<a href=\"https:\/\/www.galeria.de\/\" target=\"_blank\" rel=\"noopener nofollow\"><img decoding=\"async\" class=\"gb-media-753ddd4b\" alt=\"\" title=\"galeria_logo\" src=\"https:\/\/leipzig-move.de\/wp-content\/uploads\/galeria_logo.svg\"\/><\/a>\n\n\n\n<a href=\"https:\/\/lukas-baecker.de\/\" target=\"_blank\" rel=\"noopener nofollow\"><img loading=\"lazy\" decoding=\"async\" width=\"2560\" height=\"890\" class=\"gb-media-62f3dcec\" alt=\"\" title=\"lukas bakery logo\" src=\"https:\/\/leipzig-move.de\/wp-content\/uploads\/lukas-baeckerei-logo-scaled.webp\" srcset=\"https:\/\/leipzig-move.de\/wp-content\/uploads\/lukas-baeckerei-logo-scaled.webp 2560w, https:\/\/leipzig-move.de\/wp-content\/uploads\/lukas-baeckerei-logo-900x313.webp 900w, https:\/\/leipzig-move.de\/wp-content\/uploads\/lukas-baeckerei-logo-768x267.webp 768w, https:\/\/leipzig-move.de\/wp-content\/uploads\/lukas-baeckerei-logo-1536x534.webp 1536w, https:\/\/leipzig-move.de\/wp-content\/uploads\/lukas-baeckerei-logo-2048x712.webp 2048w, https:\/\/leipzig-move.de\/wp-content\/uploads\/lukas-baeckerei-logo-18x6.webp 18w\" sizes=\"auto, (max-width: 2560px) 100vw, 2560px\" \/><\/a>\n\n\n\n<a href=\"https:\/\/www.zetti.de\/\" target=\"_blank\" rel=\"noopener nofollow\"><img loading=\"lazy\" decoding=\"async\" width=\"390\" height=\"390\" class=\"gb-media-94c214ba\" alt=\"\" title=\"Zetti\" src=\"https:\/\/leipzig-move.de\/wp-content\/uploads\/Zetti.svg\"\/><\/a>\n\n\n\n<a href=\"https:\/\/www.westfield.com\/de\/germany\/hoefeambruehl\" target=\"_blank\" rel=\"noopener nofollow\"><img decoding=\"async\" class=\"gb-media-0f3067d9\" alt=\"\" title=\"hoefe-am-bruehl-logo\" src=\"https:\/\/leipzig-move.de\/wp-content\/uploads\/hoefe-am-bruehl-logo.svg\"\/><\/a>\n\n\n\n<a href=\"https:\/\/www.promenaden-hauptbahnhof-leipzig.de\/\" target=\"_blank\" rel=\"noopener nofollow\"><img loading=\"lazy\" decoding=\"async\" width=\"400\" height=\"400\" class=\"gb-media-06a5e7f5\" alt=\"\" title=\"promenade-main-station-leipzig\" src=\"https:\/\/leipzig-move.de\/wp-content\/uploads\/promenaden-hauptbahnhof-leipzig.webp\" srcset=\"https:\/\/leipzig-move.de\/wp-content\/uploads\/promenaden-hauptbahnhof-leipzig.webp 400w, https:\/\/leipzig-move.de\/wp-content\/uploads\/promenaden-hauptbahnhof-leipzig-300x300.webp 300w, https:\/\/leipzig-move.de\/wp-content\/uploads\/promenaden-hauptbahnhof-leipzig-12x12.webp 12w\" sizes=\"auto, (max-width: 400px) 100vw, 400px\" \/><\/a>\n\n\n\n<a href=\"https:\/\/www.soxn.de\/\" target=\"_blank\" rel=\"noopener nofollow\"><img loading=\"lazy\" decoding=\"async\" width=\"98\" height=\"98\" class=\"gb-media-d57473e3\" alt=\"\" title=\"soxn-logo enabled\" src=\"https:\/\/leipzig-move.de\/wp-content\/uploads\/soxn-logo-freigestellt.svg\"\/><\/a>\n\n\n\n<a href=\"https:\/\/icefighters.de\/\" target=\"_blank\" rel=\"noopener nofollow\"><img loading=\"lazy\" decoding=\"async\" width=\"1036\" height=\"1265\" class=\"gb-media-e0acef69\" alt=\"\" title=\"icefighters-logo\" src=\"https:\/\/leipzig-move.de\/wp-content\/uploads\/icefighters-logo.webp\" srcset=\"https:\/\/leipzig-move.de\/wp-content\/uploads\/icefighters-logo.webp 1036w, https:\/\/leipzig-move.de\/wp-content\/uploads\/icefighters-logo-737x900.webp 737w, https:\/\/leipzig-move.de\/wp-content\/uploads\/icefighters-logo-768x938.webp 768w, https:\/\/leipzig-move.de\/wp-content\/uploads\/icefighters-logo-10x12.webp 10w\" sizes=\"auto, (max-width: 1036px) 100vw, 1036px\" \/><\/a>\n\n\n\n<a href=\"https:\/\/www.rotkaeppchen.de\/erlebniswelt\/\" target=\"_blank\" rel=\"noopener nofollow\"><img decoding=\"async\" class=\"gb-media-1eb62162\" alt=\"\" title=\"rotkaeppchen-erlebniswelt\" src=\"https:\/\/leipzig-move.de\/wp-content\/uploads\/rotkaeppchen-erlebniswelt.svg\"\/><\/a>\n\n\n\n<a href=\"https:\/\/grassi-leipzig.de\/\" target=\"_blank\" rel=\"noopener nofollow\"><img decoding=\"async\" class=\"gb-media-098922fe\" alt=\"\" title=\"grassi-museum-logo\" src=\"https:\/\/leipzig-move.de\/wp-content\/uploads\/grassi-museum-logo.svg\"\/><\/a>\n\n\n\n<a href=\"https:\/\/priwatt.de\/\" rel=\"nofollow noopener\" target=\"_blank\"><img loading=\"lazy\" decoding=\"async\" width=\"390\" height=\"390\" class=\"gb-media-afe81a57\" alt=\"\" title=\"Privatt\" src=\"https:\/\/leipzig-move.de\/wp-content\/uploads\/Priwatt.svg\"\/><\/a>\n\n\n\n<a href=\"https:\/\/scdhfk.de\/\" target=\"_blank\" rel=\"noopener nofollow\"><img loading=\"lazy\" decoding=\"async\" width=\"390\" height=\"390\" class=\"gb-media-5ba87399\" alt=\"\" title=\"SC DHfK\" src=\"https:\/\/leipzig-move.de\/wp-content\/uploads\/SC-DHfK.svg\"\/><\/a>\n\n\n\n<a href=\"https:\/\/gruenschnabel-shop.de\/\" target=\"_blank\" rel=\"noopener nofollow\"><img loading=\"lazy\" decoding=\"async\" width=\"390\" height=\"390\" class=\"gb-media-6654eee7\" alt=\"\" title=\"Greenhorn\" src=\"https:\/\/leipzig-move.de\/wp-content\/uploads\/Gruenschnabel.svg\"\/><\/a>\n\n\n\n<a href=\"https:\/\/www.panometer.de\/homepage\" target=\"_blank\" rel=\"noopener nofollow\"><img loading=\"lazy\" decoding=\"async\" width=\"1181\" height=\"338\" class=\"gb-media-7333af29\" alt=\"\" title=\"panometer-leipzig\" src=\"https:\/\/leipzig-move.de\/wp-content\/uploads\/panometer-leipzig.webp\" srcset=\"https:\/\/leipzig-move.de\/wp-content\/uploads\/panometer-leipzig.webp 1181w, https:\/\/leipzig-move.de\/wp-content\/uploads\/panometer-leipzig-900x258.webp 900w, https:\/\/leipzig-move.de\/wp-content\/uploads\/panometer-leipzig-768x220.webp 768w, https:\/\/leipzig-move.de\/wp-content\/uploads\/panometer-leipzig-18x5.webp 18w\" sizes=\"auto, (max-width: 1181px) 100vw, 1181px\" \/><\/a>\n\n\n\n<a href=\"https:\/\/tanzschule-schrittfest.de\/\" rel=\"nofollow noopener\" target=\"_blank\"><img loading=\"lazy\" decoding=\"async\" width=\"390\" height=\"390\" class=\"gb-media-14de7625\" alt=\"\" title=\"Step-proof\" src=\"https:\/\/leipzig-move.de\/wp-content\/uploads\/Schrittfest.svg\"\/><\/a>\n\n\n\n<div>\n<a href=\"https:\/\/www.belantis.de\/\" target=\"_blank\" rel=\"noopener nofollow\"><img loading=\"lazy\" decoding=\"async\" width=\"390\" height=\"390\" class=\"gb-media-b9970657\" alt=\"\" title=\"Belantis\" src=\"https:\/\/leipzig-move.de\/wp-content\/uploads\/Belantis.svg\"\/><\/a>\n\n\n\n<p class=\"gb-text gb-text-d712fc07\">*<\/p>\n<\/div>\n\n\n\n<div>\n<a href=\"https:\/\/stadtstromer.de\/\" target=\"_blank\" rel=\"noopener nofollow\"><img loading=\"lazy\" decoding=\"async\" width=\"100\" height=\"100\" class=\"gb-media-de85b40a\" alt=\"\" title=\"Stadtstromer_Smiley\" src=\"https:\/\/leipzig-move.de\/wp-content\/uploads\/Stadtstromer_Smiley.svg\"\/><\/a>\n\n\n\n<p class=\"gb-text gb-text-ae741bf6\">*<\/p>\n<\/div>\n\n\n\n<a href=\"https:\/\/le-volleys.de\/\" target=\"_blank\" rel=\"noopener nofollow\"><img loading=\"lazy\" decoding=\"async\" width=\"418\" height=\"418\" class=\"gb-media-c07ba691\" alt=\"\" title=\"LEV_Logo white\" src=\"https:\/\/leipzig-move.de\/wp-content\/uploads\/L.E.Volley-Logo.webp\" srcset=\"https:\/\/leipzig-move.de\/wp-content\/uploads\/L.E.Volley-Logo.webp 418w, https:\/\/leipzig-move.de\/wp-content\/uploads\/L.E.Volley-Logo-300x300.webp 300w, https:\/\/leipzig-move.de\/wp-content\/uploads\/L.E.Volley-Logo-12x12.webp 12w\" sizes=\"auto, (max-width: 418px) 100vw, 418px\" \/><\/a>\n\n\n\n<a href=\"https:\/\/www.educado-service.de\/stullenfabrik\/\" target=\"_blank\" rel=\"noopener nofollow\"><img loading=\"lazy\" decoding=\"async\" width=\"2048\" height=\"2560\" class=\"gb-media-19df9074\" alt=\"\" title=\"stullenfabrik\" src=\"https:\/\/leipzig-move.de\/wp-content\/uploads\/stullenfabrik-scaled.webp\" srcset=\"https:\/\/leipzig-move.de\/wp-content\/uploads\/stullenfabrik-scaled.webp 2048w, https:\/\/leipzig-move.de\/wp-content\/uploads\/stullenfabrik-720x900.webp 720w, https:\/\/leipzig-move.de\/wp-content\/uploads\/stullenfabrik-1152x1440.webp 1152w, https:\/\/leipzig-move.de\/wp-content\/uploads\/stullenfabrik-768x960.webp 768w, https:\/\/leipzig-move.de\/wp-content\/uploads\/stullenfabrik-1229x1536.webp 1229w, https:\/\/leipzig-move.de\/wp-content\/uploads\/stullenfabrik-1639x2048.webp 1639w, https:\/\/leipzig-move.de\/wp-content\/uploads\/stullenfabrik-10x12.webp 10w\" sizes=\"auto, (max-width: 2048px) 100vw, 2048px\" \/><\/a>\n\n\n\n<a href=\"https:\/\/www.schlechtekarten.de\/\" target=\"_blank\" rel=\"noopener nofollow\"><img loading=\"lazy\" decoding=\"async\" width=\"500\" height=\"179\" class=\"gb-media-4698bf3b\" alt=\"\" title=\"logo-bad-cards\" src=\"https:\/\/leipzig-move.de\/wp-content\/uploads\/logo-schlechte-karten.webp\" srcset=\"https:\/\/leipzig-move.de\/wp-content\/uploads\/logo-schlechte-karten.webp 500w, https:\/\/leipzig-move.de\/wp-content\/uploads\/logo-schlechte-karten-18x6.webp 18w\" sizes=\"auto, (max-width: 500px) 100vw, 500px\" \/><\/a>\n\n\n\n<a href=\"https:\/\/leipziger-verkehrsbetriebe.myspreadshop.de\/\" rel=\"nofollow noopener\" target=\"_blank\"><img loading=\"lazy\" decoding=\"async\" width=\"390\" height=\"390\" class=\"gb-media-12c757d4\" alt=\"\" title=\"LVB fan store\" src=\"https:\/\/leipzig-move.de\/wp-content\/uploads\/LVB-Fanshop.svg\"\/><\/a>\n\n\n\n<a href=\"https:\/\/www.air-q.com\/\" target=\"_blank\" rel=\"noopener nofollow\"><img loading=\"lazy\" decoding=\"async\" width=\"777\" height=\"356\" class=\"gb-media-33b690fe\" alt=\"\" title=\"air-q\" src=\"https:\/\/leipzig-move.de\/wp-content\/uploads\/air-q.webp\" srcset=\"https:\/\/leipzig-move.de\/wp-content\/uploads\/air-q.webp 777w, https:\/\/leipzig-move.de\/wp-content\/uploads\/air-q-768x352.webp 768w, https:\/\/leipzig-move.de\/wp-content\/uploads\/air-q-18x8.webp 18w\" sizes=\"auto, (max-width: 777px) 100vw, 777px\" \/><\/a>\n\n\n\n<div>\n<a href=\"https:\/\/freizeit-abenteuer.com\/\" rel=\"nofollow noopener\" target=\"_blank\"><img loading=\"lazy\" decoding=\"async\" width=\"390\" height=\"390\" class=\"gb-media-d01f8960\" alt=\"\" title=\"leisure adventure\" src=\"https:\/\/leipzig-move.de\/wp-content\/uploads\/freizeit-abenteuer.svg\"\/><\/a>\n\n\n\n<p class=\"gb-text gb-text-4f73a91b\">*<\/p>\n<\/div>\n\n\n\n<a href=\"https:\/\/salon-snip.de\/\" target=\"_blank\" rel=\"noopener nofollow\"><img loading=\"lazy\" decoding=\"async\" width=\"1024\" height=\"1024\" class=\"gb-media-82a00642\" alt=\"\" title=\"hair salon-snip-logo\" src=\"https:\/\/leipzig-move.de\/wp-content\/uploads\/friseursalon-snip-logo.webp\" srcset=\"https:\/\/leipzig-move.de\/wp-content\/uploads\/friseursalon-snip-logo.webp 1024w, https:\/\/leipzig-move.de\/wp-content\/uploads\/friseursalon-snip-logo-900x900.webp 900w, https:\/\/leipzig-move.de\/wp-content\/uploads\/friseursalon-snip-logo-300x300.webp 300w, https:\/\/leipzig-move.de\/wp-content\/uploads\/friseursalon-snip-logo-768x768.webp 768w, https:\/\/leipzig-move.de\/wp-content\/uploads\/friseursalon-snip-logo-12x12.webp 12w\" sizes=\"auto, (max-width: 1024px) 100vw, 1024px\" \/><\/a>\n\n\n\n<a href=\"https:\/\/www.meine-apotheken.de\/\" target=\"_blank\" rel=\"noopener nofollow\"><img loading=\"lazy\" decoding=\"async\" width=\"390\" height=\"390\" class=\"gb-media-fbff00fe\" alt=\"\" title=\"my-pharmacies\" src=\"https:\/\/leipzig-move.de\/wp-content\/uploads\/meine-apotheken.svg\"\/><\/a>\n\n\n\n<a href=\"https:\/\/www.schauspiel-leipzig.de\/\" rel=\"nofollow noopener\" target=\"_blank\"><img loading=\"lazy\" decoding=\"async\" width=\"320\" height=\"144\" class=\"gb-media-5f9bfbe5\" alt=\"\" title=\"theater-leipzig\" src=\"https:\/\/leipzig-move.de\/wp-content\/uploads\/schauspiel-leipzig-jpg.webp\" srcset=\"https:\/\/leipzig-move.de\/wp-content\/uploads\/schauspiel-leipzig-jpg.webp 320w, https:\/\/leipzig-move.de\/wp-content\/uploads\/schauspiel-leipzig-18x8.jpg 18w\" sizes=\"auto, (max-width: 320px) 100vw, 320px\" \/><\/a>\n<\/div>\n\n\n\n<p class=\"gb-text gb-text-5a30b31d\">* These partners offer seasonal offers.<\/p>\n\n\n\n<div class=\"gb-element-0e1e592b animated fadeInUp slow o-anim-offset-15%\">\n<p class=\"gb-text gb-text-2816dbbf o-anim-offset-5%\">Would you like to become part of our bonus program with your company? Then get in touch now.<\/p>\n\n\n\n<a class=\"gb-text gbp-button-primary-pink gb-text-4a964582\" href=\"https:\/\/leipzig-move.de\/en\/bonusmove\/partner-werden\/\">Become a partner<\/a>\n<\/div>\n<\/div>","protected":false},"excerpt":{"rendered":"<p>Alle BonusMOVE-Partner im \u00dcberblick Bereits ab einer Pr\u00e4mie kannst du dir Freifahrten oder tolle Vorteile bei unseren Partnern sichern. Daf\u00fcr tauschst du deine Pr\u00e4mien ganz einfach in BonusMOVE f\u00fcr Rabatte, Gutscheine, Tickets und noch viel mehr ein. Diese Partner in und um Leipzig sind mit dabei: * * * * Diese Partner bieten saisonabh\u00e4ngige Angebote &#8230; <a title=\"Playground\" class=\"read-more\" href=\"https:\/\/leipzig-move.de\/en\/playground\/\" aria-label=\"Read more about Playground\">Read more<\/a><\/p>","protected":false},"author":1,"featured_media":0,"parent":0,"menu_order":0,"comment_status":"closed","ping_status":"closed","template":"","meta":{"_acf_changed":false,"_seopress_robots_primary_cat":"","_seopress_titles_title":"","_seopress_titles_desc":"","_seopress_robots_index":"","inline_featured_image":false,"footnotes":""},"class_list":["post-72750","page","type-page","status-publish"],"acf":[],"_links":{"self":[{"href":"https:\/\/leipzig-move.de\/en\/wp-json\/wp\/v2\/pages\/72750","targetHints":{"allow":["GET"]}}],"collection":[{"href":"https:\/\/leipzig-move.de\/en\/wp-json\/wp\/v2\/pages"}],"about":[{"href":"https:\/\/leipzig-move.de\/en\/wp-json\/wp\/v2\/types\/page"}],"author":[{"embeddable":true,"href":"https:\/\/leipzig-move.de\/en\/wp-json\/wp\/v2\/users\/1"}],"replies":[{"embeddable":true,"href":"https:\/\/leipzig-move.de\/en\/wp-json\/wp\/v2\/comments?post=72750"}],"version-history":[{"count":40,"href":"https:\/\/leipzig-move.de\/en\/wp-json\/wp\/v2\/pages\/72750\/revisions"}],"predecessor-version":[{"id":120402,"href":"https:\/\/leipzig-move.de\/en\/wp-json\/wp\/v2\/pages\/72750\/revisions\/120402"}],"wp:attachment":[{"href":"https:\/\/leipzig-move.de\/en\/wp-json\/wp\/v2\/media?parent=72750"}],"curies":[{"name":"wp","href":"https:\/\/api.w.org\/{rel}","templated":true}]}}