{"id":1395,"date":"2025-01-29T20:44:37","date_gmt":"2025-01-29T19:44:37","guid":{"rendered":"https:\/\/leipzig-move.de\/?page_id=1395"},"modified":"2025-09-18T10:52:36","modified_gmt":"2025-09-18T08:52:36","slug":"barrierefreiheit","status":"publish","type":"page","link":"https:\/\/leipzig-move.de\/en\/barrierefreiheit\/","title":{"rendered":"Accessibility"},"content":{"rendered":"<div class=\"gb-container gb-container-7046b1e8 gbp-section\">\n<div class=\"gb-container gb-container-a828602f gbp-section__inner\">\n\n<h2 class=\"gb-headline gb-headline-bac5c450 gb-headline-text\">Erkl\u00e4rung<\/h2>\n\n\n\n<h2 class=\"wp-block-heading\">Zur Barrierefreiheit von LeipzigMOVE<\/h2>\n\n\n\n<h3 class=\"wp-block-heading\">\u00a7 1 Stand der Vereinbarkeit mit den Anforderungen<\/h3>\n\n\n\n<p>Sowohl die Website als auch die App ist teilweise barrierefrei. Die Anforderungen der Barrierefreie-Informationstechnik-Verordnung (BITV 2.0) sowie der EU-Richtlinie 2016\/2102 werden teilweise erf\u00fcllt.<\/p>\n\n\n\n<h3 class=\"wp-block-heading\">\u00a7 2 Identifizierte Barrieren (Stand: 30.04.2025)<\/h3>\n\n\n\n<p>Im Rahmen eines Accessibility-Tests nach WCAG 2.1 AA wurden folgende Barrieren festgestellt:<\/p>\n\n\n\n<ul class=\"wp-block-list\">\n<li><strong>Bildschirmorientierung:<\/strong>&nbsp;Die App unterst\u00fctzt ausschlie\u00dflich Hochformat.<\/li>\n\n\n\n<li><strong>Layout-Probleme:<\/strong>&nbsp;Einige Inhalte sind nicht scrollbar oder erfordern zweidimensionales Scrollen.<\/li>\n\n\n\n<li><strong>Textdarstellung:<\/strong>&nbsp;Texte werden bei Vergr\u00f6\u00dferung abgeschnitten oder sind nicht skalierbar.<\/li>\n\n\n\n<li><strong>Farbkontraste:<\/strong>&nbsp;Texte und grafische Elemente weisen teilweise unzureichende Kontraste auf.<\/li>\n\n\n\n<li><strong>Textskalierung:<\/strong>&nbsp;Einige Textviews haben feste H\u00f6hen und verhindern eine skalierbare Darstellung bei vergr\u00f6\u00dferter Schrift.<\/li>\n\n\n\n<li><strong>Touch-Zielgr\u00f6\u00dfen:<\/strong>&nbsp;Einige interaktive Elemente sind zu klein f\u00fcr komfortable Bedienung.<\/li>\n\n\n\n<li><strong>Screenreader-Kompatibilit\u00e4t:<\/strong>&nbsp;Fehlende oder doppelte Accessibility-Labels bei interaktiven und grafischen Elementen.<\/li>\n\n\n\n<li><strong>Nicht zug\u00e4ngliche Bedienelemente:<\/strong>&nbsp;Einige sichtbare UI-Elemente sind nicht per Screenreader oder Voice Control erreichbar.<\/li>\n\n\n\n<li><strong>Kartenansicht (Tram-Verbindung):<\/strong>&nbsp;Mehrere interaktive Elemente \u00fcberlappen sich und besitzen keine eindeutigen Labels.<\/li>\n\n\n\n<li><strong>Wiederholende Labels:<\/strong>&nbsp;Einige Objekte haben identische Beschreibungen, was die Navigation mit Screenreadern erschwert.<\/li>\n<\/ul>\n\n\n\n<p>Wir arbeiten bereits mit unserem technischen Dienstleister daran, die gefundenen Barrieren zu beseitigen und verbessern stetig sowohl die Website als auch die App.<\/p>\n\n\n\n<h3 class=\"wp-block-heading\">\u00a7 3 Feedback und Kontakt<\/h3>\n\n\n\n<p>Wir freuen uns \u00fcber Hinweise zur Barrierefreiheit unserer Website und App. Wenn dir Barrieren auffallen oder du Unterst\u00fctzung ben\u00f6tigst, kontaktiere uns bitte \u00fcber unser <a href=\"#kontakt-gefundene-barrieren\">Kontaktformular f\u00fcr gefundene Barrieren.<\/a><\/p>\n\n\n\n<h3 class=\"wp-block-heading\">\u00a7 4 Schlichtungsverfahren<\/h3>\n\n\n\n<p>Solltest du der Meinung sein, dass du durch eine nicht ausreichende barrierefreie Gestaltung unserer Website oder App benachteiligt bist, kannst du dich an die Schlichtungsstelle nach \u00a7 16 BGG wenden:<\/p>\n\n\n\n<p><strong>Schlichtungsstelle BGG<br><\/strong>Bundesbeauftragter f\u00fcr die Belange von Menschen mit Behinderungen<br>Mauerstra\u00dfe 53<br>10117 Berlin<\/p>\n\n\n\n<p><strong>Webseite: <\/strong><a href=\"http:\/\/www.schlichtungsstelle-bgg.de\" target=\"_blank\" rel=\"noreferrer noopener\">www.schlichtungsstelle-bgg.de<\/a><\/p>\n\n\n\n<h3 class=\"wp-block-heading\">\u00a7 4 Erstellung dieser Erkl\u00e4rung<\/h3>\n\n\n\n<p>Diese Erkl\u00e4rung wurde am&nbsp;<strong>30.04.2025<\/strong>&nbsp;auf Basis eines Accessibility-Tests erstellt.<\/p>\n\n<\/div>\n\n<div class=\"gb-container gb-container-585fe2fb gbp-section__inner\" id=\"kontakt-gefundene-barrieren\">\n\n<h2 class=\"gb-headline gb-headline-611a434a gb-headline-text\">Barriere melden<\/h2>\n\n\n\n<h2 class=\"wp-block-heading\">Hilf uns, die Website und unsere App LeipzigMOVE zug\u00e4nglicher zu machen.<\/h2>\n\n\n\n<p>Wir m\u00f6chten sicherstellen, dass unsere Website und unsere App f\u00fcr alle Menschen barrierefrei zug\u00e4nglich ist. Solltest du auf Hindernisse sto\u00dfen, kannst du uns dies \u00fcber das folgende Formular mitteilen. Dein Feedback hilft uns, die Barrierefreiheit kontinuierlich zu verbessern. Vielen Dank f\u00fcr deine Unterst\u00fctzung!<\/p>\n\n\n<div class='fluentform ff-inherit-theme-style fluentform_wrapper_7  ff_guten_block ff_guten_block-7'><form data-form_id=\"7\" id=\"fluentform_7\" class=\"frm-fluent-form fluent_form_7 ff-el-form-top ff_form_instance_7_1 ff-form-loading ffs_inherit_theme\" data-form_instance=\"ff_form_instance_7_1\" method=\"POST\" ><fieldset  style=\"border: none!important;margin: 0!important;padding: 0!important;background-color: transparent!important;box-shadow: none!important;outline: none!important; min-inline-size: 100%;\">\n                    <legend class=\"ff_screen_reader_title\" style=\"display: block; margin: 0!important;padding: 0!important;height: 0!important;text-indent: -999999px;width: 0!important;overflow:hidden;\">Hinweise zur Barrierefreiheit<\/legend>        <div\n                style=\"display: none!important; position: absolute!important; transform: translateX(1000%)!important;\"\n                class=\"ff-el-group ff-hpsf-container\"\n        >\n            <div class=\"ff-el-input--label asterisk-right\">\n                <label for=\"ff_7_item_sf\" aria-label=\"Updates\">\n                    Updates                <\/label>\n            <\/div>\n            <div class=\"ff-el-input--content\">\n                <input type=\"text\"\n                       name=\"item_7__fluent_sf\"\n                       class=\"ff-el-form-control\"\n                       id=\"ff_7_item_sf\"\n                \/>\n            <\/div>\n        <\/div>\n        <input type='hidden' name='__fluent_form_embded_post_id' value='1395' \/><input type=\"hidden\" id=\"_fluentform_7_fluentformnonce\" name=\"_fluentform_7_fluentformnonce\" value=\"ee32830f44\" \/><input type=\"hidden\" name=\"_wp_http_referer\" value=\"\/en\/wp-json\/wp\/v2\/pages\/1395\" \/><div data-type=\"name-element\" data-name=\"name\" class=\" ff-field_container ff-name-field-wrapper\" ><div class='ff-t-container'><div class='ff-t-cell '><div class='ff-el-group ff-el-form-top'><div class=\"ff-el-input--label asterisk-right\"><label for='ff_7_name_first_name_' id='label_ff_7_name_first_name_' >Vorname<\/label><\/div><div class='ff-el-input--content'><input type=\"text\" name=\"name[first_name]\" id=\"ff_7_name_first_name_\" class=\"ff-el-form-control\" tabindex=\"1\" aria-invalid=\"false\" aria-required=false><\/div><\/div><\/div><div class='ff-t-cell '><div class='ff-el-group ff-el-form-top'><div class=\"ff-el-input--label asterisk-right\"><label for='ff_7_name_last_name_' id='label_ff_7_name_last_name_' >Nachname<\/label><\/div><div class='ff-el-input--content'><input type=\"text\" name=\"name[last_name]\" id=\"ff_7_name_last_name_\" class=\"ff-el-form-control\" tabindex=\"2\" aria-invalid=\"false\" aria-required=false><\/div><\/div><\/div><\/div><\/div><div class='ff-el-group'><div class=\"ff-el-input--label ff-el-is-required asterisk-right\"><label for='ff_7_email' id='label_ff_7_email' aria-label=\"E-Mail-Adresse\">E-Mail-Adresse<\/label><\/div><div class='ff-el-input--content'><input type=\"email\" name=\"email\" id=\"ff_7_email\" class=\"ff-el-form-control\" data-name=\"email\" tabindex=\"3\"  aria-invalid=\"false\" aria-required=true><\/div><\/div><div class='ff-el-group'><div class=\"ff-el-input--label ff-el-is-required asterisk-right\"><label for='ff_7_description' id='label_ff_7_description' aria-label=\"Deine Nachricht\">Deine Nachricht<\/label><\/div><div class='ff-el-input--content'><textarea aria-required=\"true\" aria-labelledby=\"label_ff_7_description\" name=\"description\" id=\"ff_7_description\" class=\"ff-el-form-control\" rows=\"4\" cols=\"2\" data-name=\"description\" tabindex=\"4\" ><\/textarea><\/div><\/div><div class='ff-el-group    ff-el-input--content'><div class='ff-el-form-check ff-el-tc'><label aria-label='Terms and Conditions: Wir verwenden deine Daten ausschlie\u00dflich zur Verarbeitung der Anfrage und gem\u00e4\u00df unserer Datenschutzhinweise. Contains 1 link. Use tab navigation to review.' class='ff-el-form-check-label ff_tc_label' for=datenschutzhinweis_3765714a497a03ded57e8d4b0168c462> <div class='ff_t_c'><p>Wir verwenden deine Daten ausschlie\u00dflich zur Verarbeitung der Anfrage und gem\u00e4\u00df unserer <a href=\"https:\/\/leipzig-move.de\/datenschutz\/\">Datenschutzhinweise.<\/a><\/p><\/div><\/label><\/div><\/div><div class='ff-el-group ff-text-left ff_submit_btn_wrapper'><button type=\"submit\" class=\"ff-btn ff-btn-submit ff-btn-md gbp-button-primary-pink ff_btn_no_style\" tabindex=\"6\"  aria-label=\"Hinweis senden\">Hinweis senden<\/button><\/div><\/fieldset><\/form><div id='fluentform_7_errors' class='ff-errors-in-stack ff_form_instance_7_1 ff-form-loading_errors ff_form_instance_7_1_errors'><\/div><\/div>            <script type=\"text\/javascript\">\n                window.fluent_form_ff_form_instance_7_1 = {\"id\":\"7\",\"settings\":{\"layout\":{\"labelPlacement\":\"top\",\"asteriskPlacement\":\"asterisk-right\",\"helpMessagePlacement\":\"with_label\",\"errorMessagePlacement\":\"inline\",\"cssClassName\":\"\"},\"restrictions\":{\"denyEmptySubmission\":{\"enabled\":false}}},\"form_instance\":\"ff_form_instance_7_1\",\"form_id_selector\":\"fluentform_7\",\"rules\":{\"name[first_name]\":{\"required\":{\"value\":false,\"message\":\"Dieses Feld ist erforderlich\",\"global_message\":\"Dieses Feld ist erforderlich\",\"global\":true}},\"name[middle_name]\":{\"required\":{\"value\":false,\"message\":\"Dieses Feld ist erforderlich\",\"global_message\":\"Dieses Feld ist erforderlich\",\"global\":true}},\"name[last_name]\":{\"required\":{\"value\":false,\"message\":\"Dieses Feld ist erforderlich\",\"global_message\":\"Dieses Feld ist erforderlich\",\"global\":true}},\"email\":{\"required\":{\"value\":true,\"message\":\"Dieses Feld ist erforderlich\",\"global_message\":\"Dieses Feld ist erforderlich\",\"global\":true},\"email\":{\"value\":true,\"message\":\"Dieses Feld muss eine g\\u00fcltige E-Mail-Adresse enthalten\",\"global_message\":\"Dieses Feld muss eine g\\u00fcltige E-Mail-Adresse enthalten\",\"global\":true}},\"description\":{\"required\":{\"value\":true,\"message\":\"Dieses Feld ist erforderlich\",\"global_message\":\"Dieses Feld ist erforderlich\",\"global\":true}},\"datenschutzhinweis\":{\"required\":{\"value\":false,\"message\":\"Dieses Feld ist erforderlich\",\"global_message\":\"Dieses Feld ist erforderlich\",\"global\":true}}},\"debounce_time\":300};\n                            <\/script>\n            \n<\/div>\n<\/div>","protected":false},"excerpt":{"rendered":"<p>Declaration on the accessibility of LeipzigMOVE \u00a7 1 Status of compliance with requirements Both the website and the app are partially accessible. The requirements of the Barrier-free Information Technology Ordinance (BITV 2.0) and EU Directive 2016\/2102 are partially met. \u00a7 2 Identified barriers (as at: 30.04.2025) The following barriers were identified as part of an accessibility test in accordance with WCAG 2.1 AA: We ... <a title=\"Accessibility\" class=\"read-more\" href=\"https:\/\/leipzig-move.de\/en\/barrierefreiheit\/\" aria-label=\"Read more about Accessibility\">Read more<\/a><\/p>","protected":false},"author":1,"featured_media":0,"parent":0,"menu_order":700,"comment_status":"closed","ping_status":"closed","template":"","meta":{"_acf_changed":false,"_seopress_robots_primary_cat":"","_seopress_titles_title":"","_seopress_titles_desc":"","_seopress_robots_index":"","inline_featured_image":false,"footnotes":""},"class_list":["post-1395","page","type-page","status-publish"],"acf":[],"_links":{"self":[{"href":"https:\/\/leipzig-move.de\/en\/wp-json\/wp\/v2\/pages\/1395","targetHints":{"allow":["GET"]}}],"collection":[{"href":"https:\/\/leipzig-move.de\/en\/wp-json\/wp\/v2\/pages"}],"about":[{"href":"https:\/\/leipzig-move.de\/en\/wp-json\/wp\/v2\/types\/page"}],"author":[{"embeddable":true,"href":"https:\/\/leipzig-move.de\/en\/wp-json\/wp\/v2\/users\/1"}],"replies":[{"embeddable":true,"href":"https:\/\/leipzig-move.de\/en\/wp-json\/wp\/v2\/comments?post=1395"}],"version-history":[{"count":5,"href":"https:\/\/leipzig-move.de\/en\/wp-json\/wp\/v2\/pages\/1395\/revisions"}],"predecessor-version":[{"id":51173,"href":"https:\/\/leipzig-move.de\/en\/wp-json\/wp\/v2\/pages\/1395\/revisions\/51173"}],"wp:attachment":[{"href":"https:\/\/leipzig-move.de\/en\/wp-json\/wp\/v2\/media?parent=1395"}],"curies":[{"name":"wp","href":"https:\/\/api.w.org\/{rel}","templated":true}]}}