{"id":1314,"date":"2025-01-29T19:48:45","date_gmt":"2025-01-29T18:48:45","guid":{"rendered":"https:\/\/leipzig-move.de\/?page_id=1314"},"modified":"2025-12-23T13:52:11","modified_gmt":"2025-12-23T12:52:11","slug":"app-funktionen","status":"publish","type":"page","link":"https:\/\/leipzig-move.de\/en\/app-funktionen\/","title":{"rendered":"App functions"},"content":{"rendered":"<div class=\"gb-container gb-container-75dfe43b gbp-section\">\n<div class=\"gb-container gb-container-3adf7b32 gbp-section__inner\">\n<div class=\"gb-grid-wrapper gb-grid-wrapper-7a945b8a\">\n<div class=\"gb-grid-column gb-grid-column-1cd5e103\"><div class=\"gb-container gb-container-1cd5e103 animated fadeInLeft slow\">\n\n<h1 class=\"gb-headline gb-headline-12869412 gb-headline-text\">Discover all functions - your mobility at a glance<\/h1>\n\n\n\n<p class=\"gb-headline gb-headline-c618fae0 gb-headline-text\">From public transport tickets and timetables to sharing offers and other practical functions: Here you will find everything you need for convenient and flexible mobility in Leipzig.<\/p>\n\n\n\n<a class=\"gb-button gb-button-31fc253c gb-button-text gbp-button-primary-pink\" href=\"https:\/\/app.adjust.com\/284ax0o\" target=\"_blank\" rel=\"noopener noreferrer\">Download app<\/a>\n\n<\/div><\/div>\n\n<div class=\"gb-grid-column gb-grid-column-c79d6ad4\"><div class=\"gb-container gb-container-c79d6ad4 hero-img-position no-animation-mobile\">\n\n<figure class=\"gb-block-image gb-block-image-3e8f1edb\"><img loading=\"lazy\" decoding=\"async\" width=\"400\" height=\"807\" class=\"gb-image gb-image-3e8f1edb\" src=\"https:\/\/leipzig-move.de\/wp-content\/uploads\/leipzigmove-app-startscreen-framed.webp\" alt=\"Mockup der MOVE App der Leipziger Verkehrsbetriebe: Smartphone-Ansicht mit Routeneingabe, Ticketkauf, Bikesharing, E-Scooter, Carsharing und weiteren Mobilit\u00e4tsdiensten; erg\u00e4nzt durch Hinweise zu schneller Routenplanung, digitalem D-Ticket, flexibler Bezahlung und integriertem Mobilit\u00e4tsangebot in Leipzig.\" title=\"leipzigmove-app-startscreen-framed\" srcset=\"https:\/\/leipzig-move.de\/wp-content\/uploads\/leipzigmove-app-startscreen-framed.webp 400w, https:\/\/leipzig-move.de\/wp-content\/uploads\/leipzigmove-app-startscreen-framed-6x12.webp 6w\" sizes=\"auto, (max-width: 400px) 100vw, 400px\" \/><\/figure>\n\n<\/div><\/div>\n<\/div>\n<\/div>\n<\/div>\n\n<section class=\"gb-container gb-container-7b4aa6ad gbp-section\">\n<div class=\"gb-container gb-container-ac098df0 scroll-icon-top\">\n\n<svg xmlns=\"http:\/\/www.w3.org\/2000\/svg\" viewbox=\"0 0 117.178 162\">\n    <path d=\"M58.593 0A58.59 58.59 0 0 0 0 58.59c0 32.352 52.93 100.406 52.93 100.406a6.837 6.837 0 0 0 11.323 0s52.925-68.054 52.925-100.406A58.583 58.583 0 0 0 58.594 0\" fill=\"#fbc10f\"\/>\n    <path d=\"M78.38 74.312 62.349 89.626a4.943 4.943 0 0 1-6.84 0L39.416 74.312a4.515 4.515 0 0 1 0-6.6 5.05 5.05 0 0 1 6.9 0l7.7 7.359V41.94a4.891 4.891 0 0 1 9.771 0v33.135l7.7-7.359a5.05 5.05 0 0 1 6.9 0 4.515 4.515 0 0 1 0 6.6Z\" fill=\"#fff\"\/>\n<\/svg>\n\n<\/div>\n\n<div class=\"gb-container gb-container-e08a8ed6 gbp-section__inner\">\n\n<div class=\"gb-element-92383781\"><div class=\"gb-container gb-container-0801b262 animated fadeInUp slow o-anim-offset-5% gbp-card\">\n\n<figure class=\"gb-block-image gb-block-image-9ef8870d\"><img loading=\"lazy\" decoding=\"async\" width=\"1920\" height=\"1080\" class=\"gb-image gb-image-9ef8870d\" src=\"https:\/\/leipzig-move.de\/wp-content\/uploads\/kampagnenmotiv-oepnv-bahn-haltestelle.webp\" alt=\"\" title=\"campaign-motive-oepnv-train-stop\" srcset=\"https:\/\/leipzig-move.de\/wp-content\/uploads\/kampagnenmotiv-oepnv-bahn-haltestelle.webp 1920w, https:\/\/leipzig-move.de\/wp-content\/uploads\/kampagnenmotiv-oepnv-bahn-haltestelle-900x506.webp 900w, https:\/\/leipzig-move.de\/wp-content\/uploads\/kampagnenmotiv-oepnv-bahn-haltestelle-768x432.webp 768w, https:\/\/leipzig-move.de\/wp-content\/uploads\/kampagnenmotiv-oepnv-bahn-haltestelle-1536x864.webp 1536w\" sizes=\"auto, (max-width: 1920px) 100vw, 1920px\" \/><\/figure>\n\n\n<div class=\"gb-container gb-container-7b9edabf gbp-card-content\">\n\n<h2 class=\"gb-headline gb-headline-1bdf6f6f gb-headline-text gbp-card__title\">PUBLIC TRANSPORT<br>Functions<\/h2>\n\n\n<div class=\"gb-container gb-container-467ddb28\">\n\n<ul class=\"wp-block-list\">\n<li>Ticket purchase<\/li>\n\n\n\n<li>Connection information<\/li>\n\n\n\n<li>Real-time information<\/li>\n<\/ul>\n\n<\/div>\n\n\n<a class=\"gb-button gb-button-b83e2870 gb-button-text gbp-button--primary\" href=\"https:\/\/leipzig-move.de\/en\/oepnv-funktionen\/\">more public transport functions<\/a>\n\n<\/div>\n<\/div>\n\n<div class=\"gb-container gb-container-421f425f animated fadeInUp slow o-anim-offset-5% delay-100ms gbp-card\">\n\n<figure class=\"gb-block-image gb-block-image-61ae998e\"><img loading=\"lazy\" decoding=\"async\" width=\"1920\" height=\"1080\" class=\"gb-image gb-image-61ae998e\" src=\"https:\/\/leipzig-move.de\/wp-content\/uploads\/kampagnenmotiv-escooter-strasse.webp\" alt=\"\" title=\"campaign motif-escooter-street\" srcset=\"https:\/\/leipzig-move.de\/wp-content\/uploads\/kampagnenmotiv-escooter-strasse.webp 1920w, https:\/\/leipzig-move.de\/wp-content\/uploads\/kampagnenmotiv-escooter-strasse-900x506.webp 900w, https:\/\/leipzig-move.de\/wp-content\/uploads\/kampagnenmotiv-escooter-strasse-768x432.webp 768w, https:\/\/leipzig-move.de\/wp-content\/uploads\/kampagnenmotiv-escooter-strasse-1536x864.webp 1536w\" sizes=\"auto, (max-width: 1920px) 100vw, 1920px\" \/><\/figure>\n\n\n<div class=\"gb-container gb-container-1fb7a15b gbp-card-content\">\n\n<h2 class=\"gb-headline gb-headline-1f40d39d gb-headline-text gbp-card__title\">Sharing<br>Functions<\/h2>\n\n\n<div class=\"gb-container gb-container-9a24416d\">\n\n<ul class=\"wp-block-list\">\n<li>E-scooter from voi <\/li>\n\n\n\n<li>Bike sharing<\/li>\n<\/ul>\n\n<\/div>\n\n\n<a class=\"gb-button gb-button-346b11cc gb-button-text gbp-button--primary\" href=\"https:\/\/leipzig-move.de\/en\/sharing-funktionen\/\">More sharing functions<\/a>\n\n<\/div>\n<\/div>\n\n<div class=\"gb-container gb-container-e56d7bef animated fadeInUp slow o-anim-offset-5% delay-100ms gbp-card\">\n\n<figure class=\"gb-block-image gb-block-image-48a623c8\"><img loading=\"lazy\" decoding=\"async\" width=\"600\" height=\"848\" class=\"gb-image gb-image-48a623c8\" src=\"https:\/\/leipzig-move.de\/wp-content\/uploads\/leipzimove-app-bonusmove.webp\" alt=\"\" title=\"leipzimove-app-bonusmove\" srcset=\"https:\/\/leipzig-move.de\/wp-content\/uploads\/leipzimove-app-bonusmove.webp 600w, https:\/\/leipzig-move.de\/wp-content\/uploads\/leipzimove-app-bonusmove-8x12.webp 8w\" sizes=\"auto, (max-width: 600px) 100vw, 600px\" \/><\/figure>\n\n\n<div class=\"gb-container gb-container-3a683d02 gbp-card-content\">\n\n<h2 class=\"gb-headline gb-headline-eccc5d7b gb-headline-text gbp-card__title\">BonusMOVE bonus program<\/h2>\n\n\n<div class=\"gb-container gb-container-d62979b1\">\n\n<ul class=\"wp-block-list\">\n<li>Collect points<\/li>\n\n\n\n<li>Move up in status<\/li>\n\n\n\n<li>Enjoy advantages<\/li>\n<\/ul>\n\n<\/div>\n\n\n<a class=\"gb-button gb-button-3b577de5 gb-button-text gbp-button--primary\" href=\"https:\/\/leipzig-move.de\/en\/bonusmove\/\">More about BonusMOVE<\/a>\n\n<\/div>\n<\/div>\n\n<div class=\"gb-container gb-container-657d7556 animated fadeInUp delay-200ms undefined slow undefined undefined undefined undefined o-anim-offset-5% gbp-card\">\n\n<figure class=\"gb-block-image gb-block-image-98a07275\"><img loading=\"lazy\" decoding=\"async\" width=\"1920\" height=\"1358\" class=\"gb-image gb-image-98a07275\" src=\"https:\/\/leipzig-move.de\/wp-content\/uploads\/kampagnenmotiv-taxi.webp\" alt=\"\" title=\"campaign motif cab\" srcset=\"https:\/\/leipzig-move.de\/wp-content\/uploads\/kampagnenmotiv-taxi.webp 1920w, https:\/\/leipzig-move.de\/wp-content\/uploads\/kampagnenmotiv-taxi-900x637.webp 900w, https:\/\/leipzig-move.de\/wp-content\/uploads\/kampagnenmotiv-taxi-768x543.webp 768w, https:\/\/leipzig-move.de\/wp-content\/uploads\/kampagnenmotiv-taxi-1536x1086.webp 1536w\" sizes=\"auto, (max-width: 1920px) 100vw, 1920px\" \/><\/figure>\n\n\n<div class=\"gb-container gb-container-2dcd2399 gbp-card-content\">\n\n<h2 class=\"gb-headline gb-headline-d0c08119 gb-headline-text gbp-card__title\">More <br>Functions<\/h2>\n\n\n<div class=\"gb-container gb-container-b640b90c\">\n\n<ul class=\"wp-block-list\">\n<li>Cab booking<\/li>\n\n\n\n<li>Bicycle garages and bicycle boxes<\/li>\n\n\n\n<li>Park+Ride locations<\/li>\n<\/ul>\n\n<\/div>\n\n\n<a class=\"gb-button gb-button-f709dcf0 gb-button-text gbp-button--primary\" href=\"https:\/\/leipzig-move.de\/en\/weitere-funktionen\/\">Even more functions<\/a>\n\n<\/div>\n<\/div><\/div>\n\n<\/div>\n\n<div class=\"gb-container gb-container-b2a69985 scroll-icon-bottom\">\n\n<svg xmlns=\"http:\/\/www.w3.org\/2000\/svg\" viewbox=\"0 0 117.178 162\">\n    <path d=\"M58.593 0A58.59 58.59 0 0 0 0 58.59c0 32.352 52.93 100.406 52.93 100.406a6.837 6.837 0 0 0 11.323 0s52.925-68.054 52.925-100.406A58.583 58.583 0 0 0 58.594 0\" fill=\"#fbc10f\"\/>\n    <path d=\"M78.38 74.312 62.349 89.626a4.943 4.943 0 0 1-6.84 0L39.416 74.312a4.515 4.515 0 0 1 0-6.6 5.05 5.05 0 0 1 6.9 0l7.7 7.359V41.94a4.891 4.891 0 0 1 9.771 0v33.135l7.7-7.359a5.05 5.05 0 0 1 6.9 0 4.515 4.515 0 0 1 0 6.6Z\" fill=\"#fff\"\/>\n<\/svg>\n\n<\/div>\n<div class=\"gb-shapes\"><div class=\"gb-shape gb-shape-1\"><svg xmlns=\"http:\/\/www.w3.org\/2000\/svg\" viewbox=\"0 0 1200 137.6\" preserveaspectratio=\"none\"><path d=\"M0 137.6h1200V21.9l-66.7 26.7c-66.7 26.7-200 80-333.3 66.7S533.3 21.9 400 4.2C266.7-13.9 133.3 31.1 66.7 53L0 75.3v62.3z\"\/><\/svg><\/div><div class=\"gb-shape gb-shape-2\"><svg xmlns=\"http:\/\/www.w3.org\/2000\/svg\" viewbox=\"0 0 1200 137.6\" preserveaspectratio=\"none\"><path d=\"M0 137.6h1200V21.9l-66.7 26.7c-66.7 26.7-200 80-333.3 66.7S533.3 21.9 400 4.2C266.7-13.9 133.3 31.1 66.7 53L0 75.3v62.3z\"\/><\/svg><\/div><\/div><\/section>\n\n<section class=\"gb-container gb-container-64445473 gbp-section\">\n<div class=\"gb-container gb-container-dea8fd2f animated fadeInUp slow gbp-section__inner\">\n\n<p class=\"gb-headline gb-headline-6fdb5781 gb-headline-text\">More about LeipzigMOVE<\/p>\n\n\n<div class=\"gb-container gb-container-9cfdfc07\">\n\n<figure class=\"gb-block-image gb-block-image-7e1eada6\"><a href=\"https:\/\/www.l.de\/\"><img loading=\"lazy\" decoding=\"async\" width=\"40\" height=\"40\" class=\"gb-image gb-image-7e1eada6\" src=\"https:\/\/leipzig-move.de\/wp-content\/uploads\/icon-l-png.webp\" alt=\"\" title=\"icon-l\"\/><\/a><\/figure>\n\n\n\n<figure class=\"gb-block-image gb-block-image-1a8398c6\"><a href=\"https:\/\/www.instagram.com\/leipzigerverkehrsbetriebe\"><img loading=\"lazy\" decoding=\"async\" width=\"40\" height=\"40\" class=\"gb-image gb-image-1a8398c6\" src=\"https:\/\/leipzig-move.de\/wp-content\/uploads\/icon-insta-png.webp\" alt=\"\" title=\"icon-insta\"\/><\/a><\/figure>\n\n\n\n<figure class=\"gb-block-image gb-block-image-91ba8cb3\"><a href=\"https:\/\/www.youtube.com\/channel\/UConfZfGXdis7gEAGE64B0jA\"><img loading=\"lazy\" decoding=\"async\" width=\"40\" height=\"40\" class=\"gb-image gb-image-91ba8cb3\" src=\"https:\/\/leipzig-move.de\/wp-content\/uploads\/icon-youtube-png.webp\" alt=\"\" title=\"icon-youtube\"\/><\/a><\/figure>\n\n\n\n<figure class=\"gb-block-image gb-block-image-eee39d2b\"><a href=\"https:\/\/www.facebook.com\/LVBdirekt\/\"><img loading=\"lazy\" decoding=\"async\" width=\"40\" height=\"40\" class=\"gb-image gb-image-eee39d2b\" src=\"https:\/\/leipzig-move.de\/wp-content\/uploads\/icon-facebook-png.webp\" alt=\"\" title=\"icon-facebook\"\/><\/a><\/figure>\n\n\n\n<figure class=\"gb-block-image gb-block-image-43ada29b\"><a href=\"https:\/\/www.linkedin.com\/company\/leipziger-verkehrsbetriebe-lvb-gmbh\"><img loading=\"lazy\" decoding=\"async\" width=\"40\" height=\"40\" class=\"gb-image gb-image-43ada29b\" src=\"https:\/\/leipzig-move.de\/wp-content\/uploads\/icon-linkedin-png.webp\" alt=\"\" title=\"icon-linkedin\"\/><\/a><\/figure>\n\n\n\n<figure class=\"gb-block-image gb-block-image-3003c9f4\"><a href=\"https:\/\/www.whatsapp.com\/channel\/0029VarPpBM6buMHP9r2a01J\" target=\"_blank\" rel=\"noopener noreferrer\"><img loading=\"lazy\" decoding=\"async\" width=\"40\" height=\"40\" class=\"gb-image gb-image-3003c9f4\" src=\"https:\/\/leipzig-move.de\/wp-content\/uploads\/icon-whatsapp.png\" alt=\"\" title=\"icon-whatsapp\" srcset=\"https:\/\/leipzig-move.de\/wp-content\/uploads\/icon-whatsapp.png 40w, https:\/\/leipzig-move.de\/wp-content\/uploads\/icon-whatsapp-12x12.png 12w\" sizes=\"auto, (max-width: 40px) 100vw, 40px\" \/><\/a><\/figure>\n\n<\/div>\n\n<div class=\"gb-container gb-container-86115874\">\n\n<figure class=\"gb-block-image gb-block-image-c0f3d90e\"><a href=\"https:\/\/apps.apple.com\/de\/app\/leipzigmove\/id1513894104\"><img loading=\"lazy\" decoding=\"async\" width=\"180\" height=\"60\" class=\"gb-image gb-image-c0f3d90e\" src=\"https:\/\/leipzig-move.de\/wp-content\/uploads\/icon-appstore-png.webp\" alt=\"\" title=\"icon-appstore\"\/><\/a><\/figure>\n\n\n\n<figure class=\"gb-block-image gb-block-image-242855e5\"><a href=\"https:\/\/play.google.com\/store\/apps\/details?id=de.tafmobile.mobility.leipzigmove&amp;hl=de\"><img loading=\"lazy\" decoding=\"async\" width=\"203\" height=\"60\" class=\"gb-image gb-image-242855e5\" src=\"https:\/\/leipzig-move.de\/wp-content\/uploads\/icon-playstore-png.webp\" alt=\"\" title=\"icon-playstore\"\/><\/a><\/figure>\n\n<\/div>\n<\/div>\n<\/section>","protected":false},"excerpt":{"rendered":"<p>Public transport functions Sharing functions Bonus program BonusMOVE Further functions More about LeipzigMOVE<\/p>","protected":false},"author":1,"featured_media":0,"parent":0,"menu_order":120,"comment_status":"closed","ping_status":"closed","template":"","meta":{"_acf_changed":false,"_seopress_robots_primary_cat":"","_seopress_titles_title":"","_seopress_titles_desc":"","_seopress_robots_index":"","inline_featured_image":false,"footnotes":""},"class_list":["post-1314","page","type-page","status-publish"],"acf":[],"_links":{"self":[{"href":"https:\/\/leipzig-move.de\/en\/wp-json\/wp\/v2\/pages\/1314","targetHints":{"allow":["GET"]}}],"collection":[{"href":"https:\/\/leipzig-move.de\/en\/wp-json\/wp\/v2\/pages"}],"about":[{"href":"https:\/\/leipzig-move.de\/en\/wp-json\/wp\/v2\/types\/page"}],"author":[{"embeddable":true,"href":"https:\/\/leipzig-move.de\/en\/wp-json\/wp\/v2\/users\/1"}],"replies":[{"embeddable":true,"href":"https:\/\/leipzig-move.de\/en\/wp-json\/wp\/v2\/comments?post=1314"}],"version-history":[{"count":9,"href":"https:\/\/leipzig-move.de\/en\/wp-json\/wp\/v2\/pages\/1314\/revisions"}],"predecessor-version":[{"id":57380,"href":"https:\/\/leipzig-move.de\/en\/wp-json\/wp\/v2\/pages\/1314\/revisions\/57380"}],"wp:attachment":[{"href":"https:\/\/leipzig-move.de\/en\/wp-json\/wp\/v2\/media?parent=1314"}],"curies":[{"name":"wp","href":"https:\/\/api.w.org\/{rel}","templated":true}]}}